{"id":6192,"date":"2024-04-30T09:13:44","date_gmt":"2024-04-30T07:13:44","guid":{"rendered":"https:\/\/miguelbonal.com\/?page_id=6192"},"modified":"2024-04-30T17:17:06","modified_gmt":"2024-04-30T15:17:06","slug":"conciertos-pasados","status":"publish","type":"page","link":"https:\/\/miguelbonal.com\/en\/conciertos-pasados\/","title":{"rendered":"Conciertos pasados"},"content":{"rendered":"<div data-elementor-type=\"wp-page\" data-elementor-id=\"6192\" class=\"elementor elementor-6192\">\n\t\t\t\t<div class=\"elementor-element elementor-element-9727fde e-flex e-con-boxed e-con e-parent\" data-id=\"9727fde\" data-element_type=\"container\" data-e-type=\"container\" data-settings=\"{&quot;background_background&quot;:&quot;classic&quot;}\">\n\t\t\t\t\t<div class=\"e-con-inner\">\n\t\t\t\t<div class=\"elementor-element elementor-element-2d0da93 elementor-widget__width-initial elementor-widget-tablet__width-initial elementor-widget elementor-widget-the-events-calendar-addon\" data-id=\"2d0da93\" data-element_type=\"widget\" data-e-type=\"widget\" data-widget_type=\"the-events-calendar-addon.default\">\n\t\t\t\t<div class=\"elementor-widget-container\">\n\t\t\t\t\t<!=========Events list Template 1.7.3=========><div id=\"ectbe-wrapper-2d0da93\" class=\"ectbe-wrapper ectbe-list-wrapper style-1\"><div id=\"event-7597\" class=\"ectbe-inner-wrapper ectbe-simple-event\"><div class=\"ectbe-date-area\">\n                                <span class=\"ectbe-ev-day\">22<\/span>\n                                <span class=\"ectbe-ev-mo\">March<\/span>\n                                <\/div><div class=\"ectbe-content-box\"><div class=\"ectbe-evt-title\"><a class=\"ectbe-evt-url\" href=\"https:\/\/miguelbonal.com\/en\/event\/pygmalion-j-p-rameau-ensemble-masques\/\">Pygmalion, Ensemble Masques - Le Creusot<\/a><\/div><div class=\"ectbe-evt-time\"><i class=\"ectbe-icon-clock\"><\/i>16:00 - 17:00<\/div><div class=\"ectbe-evt-venue\"><span class=\"ectbe-icon\"><i class=\"ectbe-icon-location\" aria-hidden=\"true\"><\/i><\/span>\n\t\t\t\t\t\t<span class=\"ectbe-venue-details ectbe-address\">l\u2019ARC, Sc\u00e8ne Nationle du Creusot,<br><span class=\"tribe-address\">\n\n\n\t<span class=\"tribe-locality\">Le Creusot<\/span><span class=\"tribe-delimiter\">,<\/span>\n\n\n\n\t<span class=\"tribe-country-name\">France<\/span>\n\n<\/span>\n<\/span><\/div><div class=\"ectbe-evt-description\"><\/div><\/div><div class=\"ectbe-evt-more-box\"><a class=\"ectbe-evt-read-more\" href=\"https:\/\/miguelbonal.com\/en\/event\/pygmalion-j-p-rameau-ensemble-masques\/\">Find out more<\/a><\/div><\/div><div id=\"event-7573\" class=\"ectbe-inner-wrapper ectbe-simple-event\"><div class=\"ectbe-date-area\">\n                                <span class=\"ectbe-ev-day\">14<\/span>\n                                <span class=\"ectbe-ev-mo\">March<\/span>\n                                <\/div><div class=\"ectbe-content-box\"><div class=\"ectbe-evt-title\"><a class=\"ectbe-evt-url\" href=\"https:\/\/miguelbonal.com\/en\/event\/les-pleures-festival-de-musica-antigua-de-sevilla\/\">Les Pleures - Festival de M\u00fasica Antigua de Sevilla<\/a><\/div><div class=\"ectbe-evt-time\"><i class=\"ectbe-icon-clock\"><\/i>12:00 - 13:00<\/div><div class=\"ectbe-evt-venue\"><span class=\"ectbe-icon\"><i class=\"ectbe-icon-location\" aria-hidden=\"true\"><\/i><\/span>\n\t\t\t\t\t\t<span class=\"ectbe-venue-details ectbe-address\">Iglesia de San Luis de los Franceses,<br><span class=\"tribe-address\">\n\n\n\t<span class=\"tribe-locality\">Sevilla<\/span><span class=\"tribe-delimiter\">,<\/span>\n\n\n\n\t<span class=\"tribe-country-name\">Spain<\/span>\n\n<\/span>\n<\/span><\/div><div class=\"ectbe-evt-description\"><p>Marino Gonz\u00e1lez,\u00a0viola da gamba Miguel Bonal, viola da gamba Ana Marija Krajnc, clave<\/p>\n<\/div><\/div><div class=\"ectbe-evt-more-box\"><a class=\"ectbe-evt-read-more\" href=\"https:\/\/miguelbonal.com\/en\/event\/les-pleures-festival-de-musica-antigua-de-sevilla\/\">Find out more<\/a><\/div><\/div><div id=\"event-7519\" class=\"ectbe-inner-wrapper ectbe-simple-event\"><div class=\"ectbe-date-area\">\n                                <span class=\"ectbe-ev-day\">31<\/span>\n                                <span class=\"ectbe-ev-mo\">January<\/span>\n                                <\/div><div class=\"ectbe-content-box\"><div class=\"ectbe-evt-title\"><a class=\"ectbe-evt-url\" href=\"https:\/\/miguelbonal.com\/en\/event\/ensemble-masques-water-music-4\/\">Ensemble Masques: Water Music<\/a><\/div><div class=\"ectbe-evt-time\"><i class=\"ectbe-icon-clock\"><\/i>14:45 - 15:45<\/div><div class=\"ectbe-evt-venue\"><span class=\"ectbe-icon\"><i class=\"ectbe-icon-location\" aria-hidden=\"true\"><\/i><\/span>\n\t\t\t\t\t\t<span class=\"ectbe-venue-details ectbe-address\">Cit\u00e9 des Congr\u00e8s de Nantes,<br><span class=\"tribe-address\">\n\n\n\t<span class=\"tribe-locality\">Nantes<\/span><span class=\"tribe-delimiter\">,<\/span>\n\n\n\n\t<span class=\"tribe-country-name\">France<\/span>\n\n<\/span>\n<\/span><\/div><div class=\"ectbe-evt-description\"><\/div><\/div><div class=\"ectbe-evt-more-box\"><a class=\"ectbe-evt-read-more\" href=\"https:\/\/miguelbonal.com\/en\/event\/ensemble-masques-water-music-4\/\">Find out more<\/a><\/div><\/div><div id=\"event-7515\" class=\"ectbe-inner-wrapper ectbe-simple-event\"><div class=\"ectbe-date-area\">\n                                <span class=\"ectbe-ev-day\">30<\/span>\n                                <span class=\"ectbe-ev-mo\">January<\/span>\n                                <\/div><div class=\"ectbe-content-box\"><div class=\"ectbe-evt-title\"><a class=\"ectbe-evt-url\" href=\"https:\/\/miguelbonal.com\/en\/event\/ensemble-masques-water-music-3\/\">Ensemble Masques: Water Music<\/a><\/div><div class=\"ectbe-evt-time\"><i class=\"ectbe-icon-clock\"><\/i>18:30 - 19:30<\/div><div class=\"ectbe-evt-venue\"><span class=\"ectbe-icon\"><i class=\"ectbe-icon-location\" aria-hidden=\"true\"><\/i><\/span>\n\t\t\t\t\t\t<span class=\"ectbe-venue-details ectbe-address\">Cit\u00e9 des Congr\u00e8s de Nantes,<br><span class=\"tribe-address\">\n\n\n\t<span class=\"tribe-locality\">Nantes<\/span><span class=\"tribe-delimiter\">,<\/span>\n\n\n\n\t<span class=\"tribe-country-name\">France<\/span>\n\n<\/span>\n<\/span><\/div><div class=\"ectbe-evt-description\"><\/div><\/div><div class=\"ectbe-evt-more-box\"><a class=\"ectbe-evt-read-more\" href=\"https:\/\/miguelbonal.com\/en\/event\/ensemble-masques-water-music-3\/\">Find out more<\/a><\/div><\/div><div id=\"event-7517\" class=\"ectbe-inner-wrapper ectbe-simple-event\"><div class=\"ectbe-date-area\">\n                                <span class=\"ectbe-ev-day\">30<\/span>\n                                <span class=\"ectbe-ev-mo\">January<\/span>\n                                <\/div><div class=\"ectbe-content-box\"><div class=\"ectbe-evt-title\"><a class=\"ectbe-evt-url\" href=\"https:\/\/miguelbonal.com\/en\/event\/ensemble-masques-lecho-du-danube-le-nymphe-di-rheno\/\">Ensemble Masques: L'\u00c9cho du Danube &amp; Le Nymphe di Rheno<\/a><\/div><div class=\"ectbe-evt-time\"><i class=\"ectbe-icon-clock\"><\/i>15:00 - 16:00<\/div><div class=\"ectbe-evt-venue\"><span class=\"ectbe-icon\"><i class=\"ectbe-icon-location\" aria-hidden=\"true\"><\/i><\/span>\n\t\t\t\t\t\t<span class=\"ectbe-venue-details ectbe-address\">Cit\u00e9 des Congr\u00e8s de Nantes,<br><span class=\"tribe-address\">\n\n\n\t<span class=\"tribe-locality\">Nantes<\/span><span class=\"tribe-delimiter\">,<\/span>\n\n\n\n\t<span class=\"tribe-country-name\">France<\/span>\n\n<\/span>\n<\/span><\/div><div class=\"ectbe-evt-description\"><\/div><\/div><div class=\"ectbe-evt-more-box\"><a class=\"ectbe-evt-read-more\" href=\"https:\/\/miguelbonal.com\/en\/event\/ensemble-masques-lecho-du-danube-le-nymphe-di-rheno\/\">Find out more<\/a><\/div><\/div><div id=\"event-7513\" class=\"ectbe-inner-wrapper ectbe-simple-event\"><div class=\"ectbe-date-area\">\n                                <span class=\"ectbe-ev-day\">29<\/span>\n                                <span class=\"ectbe-ev-mo\">January<\/span>\n                                <\/div><div class=\"ectbe-content-box\"><div class=\"ectbe-evt-title\"><a class=\"ectbe-evt-url\" href=\"https:\/\/miguelbonal.com\/en\/event\/ensemble-masques-water-music-2\/\">Ensemble Masques: Water Music<\/a><\/div><div class=\"ectbe-evt-time\"><i class=\"ectbe-icon-clock\"><\/i>20:15 - 21:15<\/div><div class=\"ectbe-evt-venue\"><span class=\"ectbe-icon\"><i class=\"ectbe-icon-location\" aria-hidden=\"true\"><\/i><\/span>\n\t\t\t\t\t\t<span class=\"ectbe-venue-details ectbe-address\">Cit\u00e9 des Congr\u00e8s de Nantes,<br><span class=\"tribe-address\">\n\n\n\t<span class=\"tribe-locality\">Nantes<\/span><span class=\"tribe-delimiter\">,<\/span>\n\n\n\n\t<span class=\"tribe-country-name\">France<\/span>\n\n<\/span>\n<\/span><\/div><div class=\"ectbe-evt-description\"><\/div><\/div><div class=\"ectbe-evt-more-box\"><a class=\"ectbe-evt-read-more\" href=\"https:\/\/miguelbonal.com\/en\/event\/ensemble-masques-water-music-2\/\">Find out more<\/a><\/div><\/div><div id=\"event-7511\" class=\"ectbe-inner-wrapper ectbe-simple-event\"><div class=\"ectbe-date-area\">\n                                <span class=\"ectbe-ev-day\">28<\/span>\n                                <span class=\"ectbe-ev-mo\">January<\/span>\n                                <\/div><div class=\"ectbe-content-box\"><div class=\"ectbe-evt-title\"><a class=\"ectbe-evt-url\" href=\"https:\/\/miguelbonal.com\/en\/event\/ensemble-masques-water-music\/\">Ensemble Masques: Water Music<\/a><\/div><div class=\"ectbe-evt-time\"><i class=\"ectbe-icon-clock\"><\/i>17:30 - 18:30<\/div><div class=\"ectbe-evt-venue\"><span class=\"ectbe-icon\"><i class=\"ectbe-icon-location\" aria-hidden=\"true\"><\/i><\/span>\n\t\t\t\t\t\t<span class=\"ectbe-venue-details ectbe-address\">Cit\u00e9 des Congr\u00e8s de Nantes,<br><span class=\"tribe-address\">\n\n\n\t<span class=\"tribe-locality\">Nantes<\/span><span class=\"tribe-delimiter\">,<\/span>\n\n\n\n\t<span class=\"tribe-country-name\">France<\/span>\n\n<\/span>\n<\/span><\/div><div class=\"ectbe-evt-description\"><\/div><\/div><div class=\"ectbe-evt-more-box\"><a class=\"ectbe-evt-read-more\" href=\"https:\/\/miguelbonal.com\/en\/event\/ensemble-masques-water-music\/\">Find out more<\/a><\/div><\/div><div id=\"event-7521\" class=\"ectbe-inner-wrapper ectbe-simple-event\"><div class=\"ectbe-date-area\">\n                                <span class=\"ectbe-ev-day\">19<\/span>\n                                <span class=\"ectbe-ev-mo\">January<\/span>\n                                <\/div><div class=\"ectbe-content-box\"><div class=\"ectbe-evt-title\"><a class=\"ectbe-evt-url\" href=\"https:\/\/miguelbonal.com\/en\/event\/une-journee-folle-a-versailles\/\">Une journ\u00e9e folle \u00e0 Versailles<\/a><\/div><div class=\"ectbe-evt-time\"><i class=\"ectbe-icon-clock\"><\/i>All day<\/div><div class=\"ectbe-evt-venue\"><span class=\"ectbe-icon\"><i class=\"ectbe-icon-location\" aria-hidden=\"true\"><\/i><\/span>\n\t\t\t\t\t\t<span class=\"ectbe-venue-details ectbe-address\">Sc\u00e8nes itin\u00e9rantes,<br><span class=\"tribe-address\">\n\n\n\n\n\n\t<span class=\"tribe-country-name\">France<\/span>\n\n<\/span>\n<\/span><\/div><div class=\"ectbe-evt-description\"><\/div><\/div><div class=\"ectbe-evt-more-box\"><a class=\"ectbe-evt-read-more\" href=\"https:\/\/miguelbonal.com\/en\/event\/une-journee-folle-a-versailles\/\">Find out more<\/a><\/div><\/div><div id=\"event-7525\" class=\"ectbe-inner-wrapper ectbe-simple-event\"><div class=\"ectbe-date-area\">\n                                <span class=\"ectbe-ev-day\">17<\/span>\n                                <span class=\"ectbe-ev-mo\">January<\/span>\n                                <\/div><div class=\"ectbe-content-box\"><div class=\"ectbe-evt-title\"><a class=\"ectbe-evt-url\" href=\"https:\/\/miguelbonal.com\/en\/event\/sara-ruiz-john-dowland\/\">Sara Ruiz - John Dowland<\/a><\/div><div class=\"ectbe-evt-time\"><i class=\"ectbe-icon-clock\"><\/i>20:00 - 21:00<\/div><div class=\"ectbe-evt-venue\"><span class=\"ectbe-icon\"><i class=\"ectbe-icon-location\" aria-hidden=\"true\"><\/i><\/span>\n\t\t\t\t\t\t<span class=\"ectbe-venue-details ectbe-address\">Teatro Circo,<br><span class=\"tribe-address\">\n\n\n\t<span class=\"tribe-locality\">Albacete<\/span><span class=\"tribe-delimiter\">,<\/span>\n\n\n\n\t<span class=\"tribe-country-name\">Spain<\/span>\n\n<\/span>\n<\/span><\/div><div class=\"ectbe-evt-description\"><\/div><\/div><div class=\"ectbe-evt-more-box\"><a class=\"ectbe-evt-read-more\" href=\"https:\/\/miguelbonal.com\/en\/event\/sara-ruiz-john-dowland\/\">Find out more<\/a><\/div><\/div><div id=\"event-7397\" class=\"ectbe-inner-wrapper ectbe-simple-event\"><div class=\"ectbe-date-area\">\n                                <span class=\"ectbe-ev-day\">21<\/span>\n                                <span class=\"ectbe-ev-mo\">November<\/span>\n                                <\/div><div class=\"ectbe-content-box\"><div class=\"ectbe-evt-title\"><a class=\"ectbe-evt-url\" href=\"https:\/\/miguelbonal.com\/en\/event\/tournee-de-lechappee-4\/\">Tourn\u00e9e de l'Echapp\u00e9e<\/a><\/div><div class=\"ectbe-evt-time\"><i class=\"ectbe-icon-clock\"><\/i>All day<\/div><div class=\"ectbe-evt-venue\"><span class=\"ectbe-icon\"><i class=\"ectbe-icon-location\" aria-hidden=\"true\"><\/i><\/span>\n\t\t\t\t\t\t<span class=\"ectbe-venue-details ectbe-address\">Ch\u00e2tillon-sur-seine,<br><span class=\"tribe-address\">\n\n\n\n\n\n\n<\/span>\n<\/span><\/div><div class=\"ectbe-evt-description\"><\/div><\/div><div class=\"ectbe-evt-more-box\"><a class=\"ectbe-evt-read-more\" href=\"https:\/\/miguelbonal.com\/en\/event\/tournee-de-lechappee-4\/\">Find out more<\/a><\/div><\/div><\/div>\t\t\t\t<\/div>\n\t\t\t\t<\/div>\n\t\t\t\t\t<\/div>\n\t\t\t\t<\/div>\n\t\t\t\t<\/div>","protected":false},"excerpt":{"rendered":"<p>20 abril Camerata Patrimonio Sonoro19:30 &#8211; 20:30 Auditorio Casyc, Santander, Espa\u00f1a M\u00fasica Antigua de Santander (MAS+) Programa: Evocaciones Instrumentales, entre Espa\u00f1a e Italia (ss. XVI &#8211; XVIII) M\u00fasicos: Carlos Bonal [&hellip;]<\/p>\n","protected":false},"author":1,"featured_media":0,"parent":0,"menu_order":0,"comment_status":"closed","ping_status":"closed","template":"","meta":{"_uag_custom_page_level_css":"","_monsterinsights_skip_tracking":false,"_monsterinsights_sitenote_active":false,"_monsterinsights_sitenote_note":"","_monsterinsights_sitenote_category":0,"_uf_show_specific_survey":0,"_uf_disable_surveys":false,"site-sidebar-layout":"no-sidebar","site-content-layout":"page-builder","ast-site-content-layout":"full-width-container","site-content-style":"default","site-sidebar-style":"default","ast-global-header-display":"","ast-banner-title-visibility":"","ast-main-header-display":"","ast-hfb-above-header-display":"","ast-hfb-below-header-display":"","ast-hfb-mobile-header-display":"","site-post-title":"disabled","ast-breadcrumbs-content":"","ast-featured-img":"disabled","footer-sml-layout":"","ast-disable-related-posts":"","theme-transparent-header-meta":"","adv-header-id-meta":"","stick-header-meta":"","header-above-stick-meta":"","header-main-stick-meta":"","header-below-stick-meta":"","astra-migrate-meta-layouts":"set","ast-page-background-enabled":"default","ast-page-background-meta":{"desktop":{"background-color":"var(--ast-global-color-4)","background-image":"","background-repeat":"repeat","background-position":"center center","background-size":"auto","background-attachment":"scroll","background-type":"","background-media":"","overlay-type":"","overlay-color":"","overlay-opacity":"","overlay-gradient":""},"tablet":{"background-color":"","background-image":"","background-repeat":"repeat","background-position":"center center","background-size":"auto","background-attachment":"scroll","background-type":"","background-media":"","overlay-type":"","overlay-color":"","overlay-opacity":"","overlay-gradient":""},"mobile":{"background-color":"","background-image":"","background-repeat":"repeat","background-position":"center center","background-size":"auto","background-attachment":"scroll","background-type":"","background-media":"","overlay-type":"","overlay-color":"","overlay-opacity":"","overlay-gradient":""}},"ast-content-background-meta":{"desktop":{"background-color":"var(--ast-global-color-5)","background-image":"","background-repeat":"repeat","background-position":"center center","background-size":"auto","background-attachment":"scroll","background-type":"","background-media":"","overlay-type":"","overlay-color":"","overlay-opacity":"","overlay-gradient":""},"tablet":{"background-color":"var(--ast-global-color-5)","background-image":"","background-repeat":"repeat","background-position":"center center","background-size":"auto","background-attachment":"scroll","background-type":"","background-media":"","overlay-type":"","overlay-color":"","overlay-opacity":"","overlay-gradient":""},"mobile":{"background-color":"var(--ast-global-color-5)","background-image":"","background-repeat":"repeat","background-position":"center center","background-size":"auto","background-attachment":"scroll","background-type":"","background-media":"","overlay-type":"","overlay-color":"","overlay-opacity":"","overlay-gradient":""}},"_price":"","_stock":"","_tribe_ticket_header":"","_tribe_default_ticket_provider":"","_tribe_ticket_capacity":"0","_ticket_start_date":"","_ticket_end_date":"","_tribe_ticket_show_description":"","_tribe_ticket_show_not_going":false,"_tribe_ticket_use_global_stock":"","_tribe_ticket_global_stock_level":"","_global_stock_mode":"","_global_stock_cap":"","_tribe_rsvp_for_event":"","_tribe_ticket_going_count":"","_tribe_ticket_not_going_count":"","_tribe_tickets_list":"[]","_tribe_ticket_has_attendee_info_fields":false,"footnotes":"","_tec_slr_enabled":"","_tec_slr_layout":""},"class_list":["post-6192","page","type-page","status-publish","hentry"],"uagb_featured_image_src":{"full":false,"thumbnail":false,"medium":false,"medium_large":false,"large":false,"1536x1536":false,"2048x2048":false,"trp-custom-language-flag":false},"uagb_author_info":{"display_name":"miguelbonal.com","author_link":"https:\/\/miguelbonal.com\/en\/author\/miguelbonal-com\/"},"uagb_comment_info":0,"uagb_excerpt":"20 abril Camerata Patrimonio Sonoro19:30 &#8211; 20:30 Auditorio Casyc, Santander, Espa\u00f1a M\u00fasica Antigua de Santander (MAS+) Programa: Evocaciones Instrumentales, entre Espa\u00f1a e Italia (ss. XVI &#8211; XVIII) M\u00fasicos: Carlos Bonal [&hellip;]","ticketed":false,"_links":{"self":[{"href":"https:\/\/miguelbonal.com\/en\/wp-json\/wp\/v2\/pages\/6192","targetHints":{"allow":["GET"]}}],"collection":[{"href":"https:\/\/miguelbonal.com\/en\/wp-json\/wp\/v2\/pages"}],"about":[{"href":"https:\/\/miguelbonal.com\/en\/wp-json\/wp\/v2\/types\/page"}],"author":[{"embeddable":true,"href":"https:\/\/miguelbonal.com\/en\/wp-json\/wp\/v2\/users\/1"}],"replies":[{"embeddable":true,"href":"https:\/\/miguelbonal.com\/en\/wp-json\/wp\/v2\/comments?post=6192"}],"version-history":[{"count":16,"href":"https:\/\/miguelbonal.com\/en\/wp-json\/wp\/v2\/pages\/6192\/revisions"}],"predecessor-version":[{"id":6217,"href":"https:\/\/miguelbonal.com\/en\/wp-json\/wp\/v2\/pages\/6192\/revisions\/6217"}],"wp:attachment":[{"href":"https:\/\/miguelbonal.com\/en\/wp-json\/wp\/v2\/media?parent=6192"}],"curies":[{"name":"wp","href":"https:\/\/api.w.org\/{rel}","templated":true}]}}