{"id":4009,"date":"2024-04-08T11:49:45","date_gmt":"2024-04-08T09:49:45","guid":{"rendered":"https:\/\/miguelbonal.com\/?page_id=4009"},"modified":"2025-10-29T11:10:15","modified_gmt":"2025-10-29T10:10:15","slug":"programas","status":"publish","type":"page","link":"https:\/\/miguelbonal.com\/en\/programas\/","title":{"rendered":"PROGRAMMES"},"content":{"rendered":"<div data-elementor-type=\"wp-page\" data-elementor-id=\"4009\" class=\"elementor elementor-4009\">\n\t\t\t\t<div class=\"elementor-element elementor-element-9c1f06e e-flex e-con-boxed elementor-invisible e-con e-parent\" data-id=\"9c1f06e\" data-element_type=\"container\" data-e-type=\"container\" data-settings=\"{&quot;animation&quot;:&quot;fadeInLeft&quot;}\">\n\t\t\t\t\t<div class=\"e-con-inner\">\n\t\t\t\t<div class=\"elementor-element elementor-element-fbf4804 elementor-widget elementor-widget-heading\" data-id=\"fbf4804\" data-element_type=\"widget\" data-e-type=\"widget\" data-widget_type=\"heading.default\">\n\t\t\t\t<div class=\"elementor-widget-container\">\n\t\t\t\t\t<h2 class=\"elementor-heading-title elementor-size-default\">PROGRAMMES<\/h2>\t\t\t\t<\/div>\n\t\t\t\t<\/div>\n\t\t\t\t<div class=\"elementor-element elementor-element-c287bc6 elementor-widget-divider--view-line elementor-widget elementor-widget-divider\" data-id=\"c287bc6\" data-element_type=\"widget\" data-e-type=\"widget\" data-widget_type=\"divider.default\">\n\t\t\t\t<div class=\"elementor-widget-container\">\n\t\t\t\t\t\t\t<div class=\"elementor-divider\">\n\t\t\t<span class=\"elementor-divider-separator\">\n\t\t\t\t\t\t<\/span>\n\t\t<\/div>\n\t\t\t\t\t\t<\/div>\n\t\t\t\t<\/div>\n\t\t\t\t\t<\/div>\n\t\t\t\t<\/div>\n\t\t<div class=\"elementor-element elementor-element-f93dd81 animated-slow e-flex e-con-boxed elementor-invisible e-con e-parent\" data-id=\"f93dd81\" data-element_type=\"container\" data-e-type=\"container\" data-settings=\"{&quot;background_background&quot;:&quot;classic&quot;,&quot;animation&quot;:&quot;fadeIn&quot;}\">\n\t\t\t\t\t<div class=\"e-con-inner\">\n\t\t\t\t<div class=\"elementor-element elementor-element-4dd4b52 elementor-widget__width-initial elementor-grid-eael-col-3 elementor-grid-tablet-eael-col-2 elementor-grid-mobile-eael-col-1 elementor-widget elementor-widget-eael-post-grid\" data-id=\"4dd4b52\" data-element_type=\"widget\" data-e-type=\"widget\" data-settings=\"{&quot;eael_post_grid_columns&quot;:&quot;eael-col-3&quot;,&quot;eael_post_grid_columns_tablet&quot;:&quot;eael-col-2&quot;,&quot;eael_post_grid_columns_mobile&quot;:&quot;eael-col-1&quot;}\" data-widget_type=\"eael-post-grid.default\">\n\t\t\t\t<div class=\"elementor-widget-container\">\n\t\t\t\t\t<div id=\"eael-post-grid-4dd4b52\" class=\"eael-post-grid-container\">\n            <div class=\"eael-post-grid eael-post-appender eael-post-appender-4dd4b52 eael-post-grid-style-one\" data-layout-mode=\"grid\"><article class=\"eael-grid-post  eael-post-grid-column eael-pg-post-5065 category-blog\" data-id=\"5065\">\n        <div class=\"eael-grid-post-holder\">\n            <div class=\"eael-grid-post-holder-inner\"><div class=\"eael-entry-media\"><div class=\"eael-entry-overlay fade-in\"><i class=\"\" aria-hidden=\"true\"><\/i><a href=\"https:\/\/miguelbonal.com\/en\/tesoros-musicales\/\"><\/a><\/div><div class=\"eael-entry-thumbnail\">\n                <img fetchpriority=\"high\" decoding=\"async\" width=\"300\" height=\"300\" src=\"https:\/\/miguelbonal.com\/wp-content\/uploads\/2024\/04\/1-300x300.png\" class=\"attachment-medium size-medium wp-image-5087\" alt=\"\" srcset=\"https:\/\/miguelbonal.com\/wp-content\/uploads\/2024\/04\/1-300x300.png 300w, https:\/\/miguelbonal.com\/wp-content\/uploads\/2024\/04\/1-1024x1024.png 1024w, https:\/\/miguelbonal.com\/wp-content\/uploads\/2024\/04\/1-150x150.png 150w, https:\/\/miguelbonal.com\/wp-content\/uploads\/2024\/04\/1-768x768.png 768w, https:\/\/miguelbonal.com\/wp-content\/uploads\/2024\/04\/1-12x12.png 12w, https:\/\/miguelbonal.com\/wp-content\/uploads\/2024\/04\/1.png 1080w\" sizes=\"(max-width: 300px) 100vw, 300px\" \/>\n            <\/div>\n        <\/div><div class=\"eael-entry-wrapper\"><header class=\"eael-entry-header\"><h2 class=\"eael-entry-title\"><a class=\"eael-grid-post-link\" href=\"https:\/\/miguelbonal.com\/en\/tesoros-musicales\/\" title=\"Musical Treasures\">Musical Treasures<\/a><\/h2><\/header><\/div><\/div>\n        <\/div>\n    <\/article><article class=\"eael-grid-post  eael-post-grid-column eael-pg-post-4634 category-blog\" data-id=\"4634\">\n        <div class=\"eael-grid-post-holder\">\n            <div class=\"eael-grid-post-holder-inner\"><div class=\"eael-entry-media\"><div class=\"eael-entry-overlay fade-in\"><i class=\"\" aria-hidden=\"true\"><\/i><a href=\"https:\/\/miguelbonal.com\/en\/ninfas-y-satiros\/\"><\/a><\/div><div class=\"eael-entry-thumbnail\">\n                <img decoding=\"async\" width=\"208\" height=\"300\" src=\"https:\/\/miguelbonal.com\/wp-content\/uploads\/2024\/04\/eyJ0eXAiOiJKV1QiLCJhbGciOiJIUzI1NiJ9.eyJpbSI6WyJcL2FydHdvcmtcL2ltYWdlRmlsZVwvYm91Z3VlcmVhdS1wYW4tc2F0aXJvLmpwZyIsInJlc2l6ZSwyMDAwLDIwMDAiXX0.qiX4B2FkF8_Rg1cIHvj52_on1FKIpGIfBM8B0AWoNIg.jpg-208x300.png\" class=\"attachment-medium size-medium wp-image-4968\" alt=\"\" srcset=\"https:\/\/miguelbonal.com\/wp-content\/uploads\/2024\/04\/eyJ0eXAiOiJKV1QiLCJhbGciOiJIUzI1NiJ9.eyJpbSI6WyJcL2FydHdvcmtcL2ltYWdlRmlsZVwvYm91Z3VlcmVhdS1wYW4tc2F0aXJvLmpwZyIsInJlc2l6ZSwyMDAwLDIwMDAiXX0.qiX4B2FkF8_Rg1cIHvj52_on1FKIpGIfBM8B0AWoNIg.jpg-208x300.png 208w, https:\/\/miguelbonal.com\/wp-content\/uploads\/2024\/04\/eyJ0eXAiOiJKV1QiLCJhbGciOiJIUzI1NiJ9.eyJpbSI6WyJcL2FydHdvcmtcL2ltYWdlRmlsZVwvYm91Z3VlcmVhdS1wYW4tc2F0aXJvLmpwZyIsInJlc2l6ZSwyMDAwLDIwMDAiXX0.qiX4B2FkF8_Rg1cIHvj52_on1FKIpGIfBM8B0AWoNIg.jpg-710x1024.png 710w, https:\/\/miguelbonal.com\/wp-content\/uploads\/2024\/04\/eyJ0eXAiOiJKV1QiLCJhbGciOiJIUzI1NiJ9.eyJpbSI6WyJcL2FydHdvcmtcL2ltYWdlRmlsZVwvYm91Z3VlcmVhdS1wYW4tc2F0aXJvLmpwZyIsInJlc2l6ZSwyMDAwLDIwMDAiXX0.qiX4B2FkF8_Rg1cIHvj52_on1FKIpGIfBM8B0AWoNIg.jpg-768x1107.png 768w, https:\/\/miguelbonal.com\/wp-content\/uploads\/2024\/04\/eyJ0eXAiOiJKV1QiLCJhbGciOiJIUzI1NiJ9.eyJpbSI6WyJcL2FydHdvcmtcL2ltYWdlRmlsZVwvYm91Z3VlcmVhdS1wYW4tc2F0aXJvLmpwZyIsInJlc2l6ZSwyMDAwLDIwMDAiXX0.qiX4B2FkF8_Rg1cIHvj52_on1FKIpGIfBM8B0AWoNIg.jpg-1065x1536.png 1065w, https:\/\/miguelbonal.com\/wp-content\/uploads\/2024\/04\/eyJ0eXAiOiJKV1QiLCJhbGciOiJIUzI1NiJ9.eyJpbSI6WyJcL2FydHdvcmtcL2ltYWdlRmlsZVwvYm91Z3VlcmVhdS1wYW4tc2F0aXJvLmpwZyIsInJlc2l6ZSwyMDAwLDIwMDAiXX0.qiX4B2FkF8_Rg1cIHvj52_on1FKIpGIfBM8B0AWoNIg.jpg-8x12.png 8w, https:\/\/miguelbonal.com\/wp-content\/uploads\/2024\/04\/eyJ0eXAiOiJKV1QiLCJhbGciOiJIUzI1NiJ9.eyJpbSI6WyJcL2FydHdvcmtcL2ltYWdlRmlsZVwvYm91Z3VlcmVhdS1wYW4tc2F0aXJvLmpwZyIsInJlc2l6ZSwyMDAwLDIwMDAiXX0.qiX4B2FkF8_Rg1cIHvj52_on1FKIpGIfBM8B0AWoNIg.jpg.png 1387w\" sizes=\"(max-width: 208px) 100vw, 208px\" \/>\n            <\/div>\n        <\/div><div class=\"eael-entry-wrapper\"><header class=\"eael-entry-header\"><h2 class=\"eael-entry-title\"><a class=\"eael-grid-post-link\" href=\"https:\/\/miguelbonal.com\/en\/ninfas-y-satiros\/\" title=\"Nymphes and Satyres\">Nymphes and Satyres<\/a><\/h2><\/header><\/div><\/div>\n        <\/div>\n    <\/article><article class=\"eael-grid-post  eael-post-grid-column eael-pg-post-4568 category-blog\" data-id=\"4568\">\n        <div class=\"eael-grid-post-holder\">\n            <div class=\"eael-grid-post-holder-inner\"><div class=\"eael-entry-media\"><div class=\"eael-entry-overlay fade-in\"><i class=\"\" aria-hidden=\"true\"><\/i><a href=\"https:\/\/miguelbonal.com\/en\/a-la-mode-francaise\/\"><\/a><\/div><div class=\"eael-entry-thumbnail\">\n                <img decoding=\"async\" width=\"300\" height=\"200\" src=\"https:\/\/miguelbonal.com\/wp-content\/uploads\/2024\/04\/SATIRE-17-300x200.jpg\" class=\"attachment-medium size-medium wp-image-4301\" alt=\"\" srcset=\"https:\/\/miguelbonal.com\/wp-content\/uploads\/2024\/04\/SATIRE-17-300x200.jpg 300w, https:\/\/miguelbonal.com\/wp-content\/uploads\/2024\/04\/SATIRE-17-1024x683.jpg 1024w, https:\/\/miguelbonal.com\/wp-content\/uploads\/2024\/04\/SATIRE-17-768x512.jpg 768w, https:\/\/miguelbonal.com\/wp-content\/uploads\/2024\/04\/SATIRE-17-1536x1024.jpg 1536w, https:\/\/miguelbonal.com\/wp-content\/uploads\/2024\/04\/SATIRE-17-2048x1365.jpg 2048w, https:\/\/miguelbonal.com\/wp-content\/uploads\/2024\/04\/SATIRE-17-18x12.jpg 18w\" sizes=\"(max-width: 300px) 100vw, 300px\" \/>\n            <\/div>\n        <\/div><div class=\"eael-entry-wrapper\"><header class=\"eael-entry-header\"><h2 class=\"eael-entry-title\"><a class=\"eael-grid-post-link\" href=\"https:\/\/miguelbonal.com\/en\/a-la-mode-francaise\/\" title=\"A la mode fran\u00e7aise\">A la mode fran\u00e7aise<\/a><\/h2><\/header><\/div><\/div>\n        <\/div>\n    <\/article><article class=\"eael-grid-post  eael-post-grid-column eael-pg-post-4462 category-blog\" data-id=\"4462\">\n        <div class=\"eael-grid-post-holder\">\n            <div class=\"eael-grid-post-holder-inner\"><div class=\"eael-entry-media\"><div class=\"eael-entry-overlay fade-in\"><i class=\"\" aria-hidden=\"true\"><\/i><a href=\"https:\/\/miguelbonal.com\/en\/bach-corelli-y-marais\/\"><\/a><\/div><div class=\"eael-entry-thumbnail\">\n                <img loading=\"lazy\" decoding=\"async\" width=\"300\" height=\"211\" src=\"https:\/\/miguelbonal.com\/wp-content\/uploads\/2024\/04\/Copia-de-Olivier-Fortin-Miguel-Bonal-e1712827995414-300x211.jpg\" class=\"attachment-medium size-medium wp-image-4464\" alt=\"\" srcset=\"https:\/\/miguelbonal.com\/wp-content\/uploads\/2024\/04\/Copia-de-Olivier-Fortin-Miguel-Bonal-e1712827995414-300x211.jpg 300w, https:\/\/miguelbonal.com\/wp-content\/uploads\/2024\/04\/Copia-de-Olivier-Fortin-Miguel-Bonal-e1712827995414-1024x722.jpg 1024w, https:\/\/miguelbonal.com\/wp-content\/uploads\/2024\/04\/Copia-de-Olivier-Fortin-Miguel-Bonal-e1712827995414-768x541.jpg 768w, https:\/\/miguelbonal.com\/wp-content\/uploads\/2024\/04\/Copia-de-Olivier-Fortin-Miguel-Bonal-e1712827995414-18x12.jpg 18w, https:\/\/miguelbonal.com\/wp-content\/uploads\/2024\/04\/Copia-de-Olivier-Fortin-Miguel-Bonal-e1712827995414.jpg 1413w\" sizes=\"(max-width: 300px) 100vw, 300px\" \/>\n            <\/div>\n        <\/div><div class=\"eael-entry-wrapper\"><header class=\"eael-entry-header\"><h2 class=\"eael-entry-title\"><a class=\"eael-grid-post-link\" href=\"https:\/\/miguelbonal.com\/en\/bach-corelli-y-marais\/\" title=\"Bach, Corelli and Marais\">Bach, Corelli and Marais<\/a><\/h2><\/header><\/div><\/div>\n        <\/div>\n    <\/article><article class=\"eael-grid-post  eael-post-grid-column eael-pg-post-4426 category-blog\" data-id=\"4426\">\n        <div class=\"eael-grid-post-holder\">\n            <div class=\"eael-grid-post-holder-inner\"><div class=\"eael-entry-media\"><div class=\"eael-entry-overlay fade-in\"><i class=\"\" aria-hidden=\"true\"><\/i><a href=\"https:\/\/miguelbonal.com\/en\/evocaciones-instrumentales-entre-espana-e-italia-ss-xvi-xviii\/\"><\/a><\/div><div class=\"eael-entry-thumbnail\">\n                <img loading=\"lazy\" decoding=\"async\" width=\"300\" height=\"200\" src=\"https:\/\/miguelbonal.com\/wp-content\/uploads\/2024\/04\/DSC09945-300x200.jpg\" class=\"attachment-medium size-medium wp-image-4073\" alt=\"\" srcset=\"https:\/\/miguelbonal.com\/wp-content\/uploads\/2024\/04\/DSC09945-300x200.jpg 300w, https:\/\/miguelbonal.com\/wp-content\/uploads\/2024\/04\/DSC09945-1024x683.jpg 1024w, https:\/\/miguelbonal.com\/wp-content\/uploads\/2024\/04\/DSC09945-768x512.jpg 768w, https:\/\/miguelbonal.com\/wp-content\/uploads\/2024\/04\/DSC09945-1536x1024.jpg 1536w, https:\/\/miguelbonal.com\/wp-content\/uploads\/2024\/04\/DSC09945-2048x1365.jpg 2048w, https:\/\/miguelbonal.com\/wp-content\/uploads\/2024\/04\/DSC09945-18x12.jpg 18w\" sizes=\"(max-width: 300px) 100vw, 300px\" \/>\n            <\/div>\n        <\/div><div class=\"eael-entry-wrapper\"><header class=\"eael-entry-header\"><h2 class=\"eael-entry-title\"><a class=\"eael-grid-post-link\" href=\"https:\/\/miguelbonal.com\/en\/evocaciones-instrumentales-entre-espana-e-italia-ss-xvi-xviii\/\" title=\"Instrumental Evocations\">Instrumental Evocations<\/a><\/h2><\/header><\/div><\/div>\n        <\/div>\n    <\/article><article class=\"eael-grid-post  eael-post-grid-column eael-pg-post-4393 category-blog\" data-id=\"4393\">\n        <div class=\"eael-grid-post-holder\">\n            <div class=\"eael-grid-post-holder-inner\"><div class=\"eael-entry-media\"><div class=\"eael-entry-overlay fade-in\"><i class=\"\" aria-hidden=\"true\"><\/i><a href=\"https:\/\/miguelbonal.com\/en\/del-silencio-a-la-emocion\/\"><\/a><\/div><div class=\"eael-entry-thumbnail\">\n                <img loading=\"lazy\" decoding=\"async\" width=\"300\" height=\"200\" src=\"https:\/\/miguelbonal.com\/wp-content\/uploads\/2024\/03\/Miguel-55-300x200.jpg\" class=\"attachment-medium size-medium wp-image-3341\" alt=\"\" srcset=\"https:\/\/miguelbonal.com\/wp-content\/uploads\/2024\/03\/Miguel-55-300x200.jpg 300w, https:\/\/miguelbonal.com\/wp-content\/uploads\/2024\/03\/Miguel-55-1024x683.jpg 1024w, https:\/\/miguelbonal.com\/wp-content\/uploads\/2024\/03\/Miguel-55-768x512.jpg 768w, https:\/\/miguelbonal.com\/wp-content\/uploads\/2024\/03\/Miguel-55-1536x1024.jpg 1536w, https:\/\/miguelbonal.com\/wp-content\/uploads\/2024\/03\/Miguel-55-2048x1365.jpg 2048w, https:\/\/miguelbonal.com\/wp-content\/uploads\/2024\/03\/Miguel-55-18x12.jpg 18w\" sizes=\"(max-width: 300px) 100vw, 300px\" \/>\n            <\/div>\n        <\/div><div class=\"eael-entry-wrapper\"><header class=\"eael-entry-header\"><h2 class=\"eael-entry-title\"><a class=\"eael-grid-post-link\" href=\"https:\/\/miguelbonal.com\/en\/del-silencio-a-la-emocion\/\" title=\"From silence\">From silence<\/a><\/h2><\/header><\/div><\/div>\n        <\/div>\n    <\/article><\/div>\n            <div class=\"clearfix\"><\/div>\n        <\/div>\t\t\t\t<\/div>\n\t\t\t\t<\/div>\n\t\t\t\t\t<\/div>\n\t\t\t\t<\/div>\n\t\t\t\t<\/div>","protected":false},"excerpt":{"rendered":"<p>PROGRAMAS Tesoros Musicales Ninfas y S\u00e1tiros A la mode fran\u00e7aise Bach, Corelli y Marais Evocaciones Instrumentales Del silencio a la emoci\u00f3n<\/p>","protected":false},"author":1,"featured_media":0,"parent":0,"menu_order":0,"comment_status":"closed","ping_status":"closed","template":"elementor_header_footer","meta":{"_uag_custom_page_level_css":"","_monsterinsights_skip_tracking":false,"_monsterinsights_sitenote_active":false,"_monsterinsights_sitenote_note":"","_monsterinsights_sitenote_category":0,"_uf_show_specific_survey":0,"_uf_disable_surveys":false,"site-sidebar-layout":"no-sidebar","site-content-layout":"page-builder","ast-site-content-layout":"full-width-container","site-content-style":"default","site-sidebar-style":"default","ast-global-header-display":"","ast-banner-title-visibility":"","ast-main-header-display":"","ast-hfb-above-header-display":"","ast-hfb-below-header-display":"","ast-hfb-mobile-header-display":"","site-post-title":"disabled","ast-breadcrumbs-content":"","ast-featured-img":"disabled","footer-sml-layout":"","ast-disable-related-posts":"","theme-transparent-header-meta":"","adv-header-id-meta":"","stick-header-meta":"","header-above-stick-meta":"","header-main-stick-meta":"","header-below-stick-meta":"","astra-migrate-meta-layouts":"set","ast-page-background-enabled":"default","ast-page-background-meta":{"desktop":{"background-color":"var(--ast-global-color-4)","background-image":"","background-repeat":"repeat","background-position":"center center","background-size":"auto","background-attachment":"scroll","background-type":"","background-media":"","overlay-type":"","overlay-color":"","overlay-opacity":"","overlay-gradient":""},"tablet":{"background-color":"","background-image":"","background-repeat":"repeat","background-position":"center center","background-size":"auto","background-attachment":"scroll","background-type":"","background-media":"","overlay-type":"","overlay-color":"","overlay-opacity":"","overlay-gradient":""},"mobile":{"background-color":"","background-image":"","background-repeat":"repeat","background-position":"center center","background-size":"auto","background-attachment":"scroll","background-type":"","background-media":"","overlay-type":"","overlay-color":"","overlay-opacity":"","overlay-gradient":""}},"ast-content-background-meta":{"desktop":{"background-color":"var(--ast-global-color-5)","background-image":"","background-repeat":"repeat","background-position":"center center","background-size":"auto","background-attachment":"scroll","background-type":"","background-media":"","overlay-type":"","overlay-color":"","overlay-opacity":"","overlay-gradient":""},"tablet":{"background-color":"var(--ast-global-color-5)","background-image":"","background-repeat":"repeat","background-position":"center center","background-size":"auto","background-attachment":"scroll","background-type":"","background-media":"","overlay-type":"","overlay-color":"","overlay-opacity":"","overlay-gradient":""},"mobile":{"background-color":"var(--ast-global-color-5)","background-image":"","background-repeat":"repeat","background-position":"center center","background-size":"auto","background-attachment":"scroll","background-type":"","background-media":"","overlay-type":"","overlay-color":"","overlay-opacity":"","overlay-gradient":""}},"_price":"","_stock":"","_tribe_ticket_header":"","_tribe_default_ticket_provider":"","_tribe_ticket_capacity":"0","_ticket_start_date":"","_ticket_end_date":"","_tribe_ticket_show_description":"","_tribe_ticket_show_not_going":false,"_tribe_ticket_use_global_stock":"","_tribe_ticket_global_stock_level":"","_global_stock_mode":"","_global_stock_cap":"","_tribe_rsvp_for_event":"","_tribe_ticket_going_count":"","_tribe_ticket_not_going_count":"","_tribe_tickets_list":"[]","_tribe_ticket_has_attendee_info_fields":false,"footnotes":"","_tec_slr_enabled":"","_tec_slr_layout":""},"class_list":["post-4009","page","type-page","status-publish","hentry"],"uagb_featured_image_src":{"full":false,"thumbnail":false,"medium":false,"medium_large":false,"large":false,"1536x1536":false,"2048x2048":false,"trp-custom-language-flag":false},"uagb_author_info":{"display_name":"miguelbonal.com","author_link":"https:\/\/miguelbonal.com\/en\/author\/miguelbonal-com\/"},"uagb_comment_info":0,"uagb_excerpt":"PROGRAMAS Tesoros Musicales Ninfas y S\u00e1tiros A la mode fran\u00e7aise Bach, Corelli y Marais Evocaciones Instrumentales Del silencio a la emoci\u00f3n","ticketed":false,"_links":{"self":[{"href":"https:\/\/miguelbonal.com\/en\/wp-json\/wp\/v2\/pages\/4009","targetHints":{"allow":["GET"]}}],"collection":[{"href":"https:\/\/miguelbonal.com\/en\/wp-json\/wp\/v2\/pages"}],"about":[{"href":"https:\/\/miguelbonal.com\/en\/wp-json\/wp\/v2\/types\/page"}],"author":[{"embeddable":true,"href":"https:\/\/miguelbonal.com\/en\/wp-json\/wp\/v2\/users\/1"}],"replies":[{"embeddable":true,"href":"https:\/\/miguelbonal.com\/en\/wp-json\/wp\/v2\/comments?post=4009"}],"version-history":[{"count":109,"href":"https:\/\/miguelbonal.com\/en\/wp-json\/wp\/v2\/pages\/4009\/revisions"}],"predecessor-version":[{"id":7279,"href":"https:\/\/miguelbonal.com\/en\/wp-json\/wp\/v2\/pages\/4009\/revisions\/7279"}],"wp:attachment":[{"href":"https:\/\/miguelbonal.com\/en\/wp-json\/wp\/v2\/media?parent=4009"}],"curies":[{"name":"wp","href":"https:\/\/api.w.org\/{rel}","templated":true}]}}