{"id":2062,"date":"2024-03-14T16:48:06","date_gmt":"2024-03-14T15:48:06","guid":{"rendered":"https:\/\/miguelbonal.com\/?page_id=2062"},"modified":"2026-02-25T15:20:17","modified_gmt":"2026-02-25T14:20:17","slug":"biografia-2-2","status":"publish","type":"page","link":"https:\/\/miguelbonal.com\/en\/biografia-2-2\/","title":{"rendered":"BIO"},"content":{"rendered":"<div data-elementor-type=\"wp-page\" data-elementor-id=\"2062\" class=\"elementor elementor-2062\">\n\t\t\t\t<div class=\"elementor-element elementor-element-c0c779b e-flex e-con-boxed e-con e-parent\" data-id=\"c0c779b\" data-element_type=\"container\" data-e-type=\"container\" id=\"bio\" data-settings=\"{&quot;background_background&quot;:&quot;classic&quot;}\">\n\t\t\t\t\t<div class=\"e-con-inner\">\n\t\t<div class=\"elementor-element elementor-element-e51902b e-con-full e-flex e-con e-child\" data-id=\"e51902b\" data-element_type=\"container\" data-e-type=\"container\">\n\t\t<div class=\"elementor-element elementor-element-03d1fec e-con-full animated-slow e-flex elementor-invisible e-con e-child\" data-id=\"03d1fec\" data-element_type=\"container\" data-e-type=\"container\" data-settings=\"{&quot;animation&quot;:&quot;fadeIn&quot;}\">\n\t\t\t\t<div class=\"elementor-element elementor-element-af730fa elementor-widget-tablet__width-initial elementor-invisible elementor-widget elementor-widget-text-editor\" data-id=\"af730fa\" data-element_type=\"widget\" data-e-type=\"widget\" data-settings=\"{&quot;_animation&quot;:&quot;fadeInUp&quot;,&quot;_animation_delay&quot;:15}\" data-widget_type=\"text-editor.default\">\n\t\t\t\t<div class=\"elementor-widget-container\">\n\t\t\t\t\t\t\t\t\t<p data-start=\"262\" data-end=\"629\">Born in Zaragoza in 1999, Miguel began his musical training at the age of four thanks to his parents' encouragement, starting with piano lessons. Two years later, he discovered the viola da gamba, an instrument that captivated him with its sound and expressiveness. At the age of seven, he entered the Zaragoza Conservatory of Music, where he studied with Fernando Mar\u00edn.<\/p><p data-start=\"631\" data-end=\"987\">His commitment to the instrument led him, at the age of 18, to move to Barcelona to study viola da gamba at the Escola Superior de M\u00fasica de Catalunya (ESMUC), under the tutelage of Emmanuel Balsa, obtaining a first-class honours degree. During this period, he broadened his training by studying the baroque cello.<\/p><p data-start=\"989\" data-end=\"1247\">In 2021, she moved to The Hague (Netherlands) to pursue a Master's degree in viola da gamba at the Royal Conservatory of The Hague, studying with Mieneke van der Velden. She completed her studies with honours and distinction for her \u2018great virtuosity and musicality\u2019.<\/p><p data-start=\"1249\" data-end=\"1700\">He has received advice from renowned performers such as Guido Balestracci, Marianne Muller, Myriam Rignol, Noelia Reverte, Vittorio Ghielmi and Wieland Kuijken, and occasionally collaborates with artists such as Olivier Fortin (Ensemble Masques) and Manuel Minguill\u00f3n (Collegium Musicum Madrid).<\/p><p data-start=\"1249\" data-end=\"1700\"><br data-start=\"1546\" data-end=\"1549\" \/>His artistic career has taken him to countries such as South Korea and Mexico, where he has also given master classes.<\/p><p data-start=\"1702\" data-end=\"2271\">Miguel Bonal has been recognised in various national competitions, including the 2020 Spanish Youth Music Competition.<strong>,<\/strong> where he won First Prize, the EMCY Prize and the \u00dabeda and Baeza Festival Prize. At the 2021 Primer Palau, held at the Palau de la M\u00fasica Catalana, he was awarded a runner-up prize, the Critics' Prize and the Catalunya M\u00fasica Prize, which enabled him to record his first solo album, <em data-start=\"2162\" data-end=\"2189\">From silence<\/em>, including his own arrangement of <em data-start=\"2223\" data-end=\"2249\">Recuerdos de la Alhambra<\/em> by Francisco T\u00e1rrega.<\/p><p data-start=\"2273\" data-end=\"2493\">Since 2021, Miguel has been the project director of Patrimonio Sonoro and currently combines his artistic activity with teaching the viola da gamba at the Murcia Professional Conservatory of Music.<\/p>\t\t\t\t\t\t\t\t<\/div>\n\t\t\t\t<\/div>\n\t\t<div class=\"elementor-element elementor-element-c5dc095 e-con-full e-flex elementor-invisible e-con e-child\" data-id=\"c5dc095\" data-element_type=\"container\" data-e-type=\"container\" data-settings=\"{&quot;animation&quot;:&quot;fadeInLeft&quot;}\">\n\t\t\t\t<div class=\"elementor-element elementor-element-4563d48 elementor-widget elementor-widget-heading\" data-id=\"4563d48\" data-element_type=\"widget\" data-e-type=\"widget\" data-widget_type=\"heading.default\">\n\t\t\t\t<div class=\"elementor-widget-container\">\n\t\t\t\t\t<h2 class=\"elementor-heading-title elementor-size-default\">BIOGRAPHY<\/h2>\t\t\t\t<\/div>\n\t\t\t\t<\/div>\n\t\t\t\t<div class=\"elementor-element elementor-element-8eda6d8 elementor-widget-divider--view-line elementor-widget elementor-widget-divider\" data-id=\"8eda6d8\" data-element_type=\"widget\" data-e-type=\"widget\" data-widget_type=\"divider.default\">\n\t\t\t\t<div class=\"elementor-widget-container\">\n\t\t\t\t\t\t\t<div class=\"elementor-divider\">\n\t\t\t<span class=\"elementor-divider-separator\">\n\t\t\t\t\t\t<\/span>\n\t\t<\/div>\n\t\t\t\t\t\t<\/div>\n\t\t\t\t<\/div>\n\t\t\t\t<\/div>\n\t\t\t\t<\/div>\n\t\t\t\t<\/div>\n\t\t\t\t\t<\/div>\n\t\t\t\t<\/div>\n\t\t\t\t<\/div>","protected":false},"excerpt":{"rendered":"<p>Nacido en Zaragoza en 1999, Miguel inicia su formaci\u00f3n musical a los cuatro a\u00f1os gracias al impulso de sus padres, comenzando sus estudios de piano. Dos a\u00f1os m\u00e1s tarde descubre [&hellip;]<\/p>\n","protected":false},"author":1,"featured_media":0,"parent":0,"menu_order":0,"comment_status":"closed","ping_status":"closed","template":"","meta":{"_uag_custom_page_level_css":"","_monsterinsights_skip_tracking":false,"_monsterinsights_sitenote_active":false,"_monsterinsights_sitenote_note":"","_monsterinsights_sitenote_category":0,"_uf_show_specific_survey":0,"_uf_disable_surveys":false,"site-sidebar-layout":"no-sidebar","site-content-layout":"page-builder","ast-site-content-layout":"full-width-container","site-content-style":"default","site-sidebar-style":"default","ast-global-header-display":"","ast-banner-title-visibility":"","ast-main-header-display":"","ast-hfb-above-header-display":"","ast-hfb-below-header-display":"","ast-hfb-mobile-header-display":"","site-post-title":"disabled","ast-breadcrumbs-content":"","ast-featured-img":"disabled","footer-sml-layout":"","ast-disable-related-posts":"","theme-transparent-header-meta":"disabled","adv-header-id-meta":"","stick-header-meta":"","header-above-stick-meta":"","header-main-stick-meta":"","header-below-stick-meta":"","astra-migrate-meta-layouts":"set","ast-page-background-enabled":"default","ast-page-background-meta":{"desktop":{"background-color":"var(--ast-global-color-4)","background-image":"","background-repeat":"repeat","background-position":"center center","background-size":"auto","background-attachment":"scroll","background-type":"","background-media":"","overlay-type":"","overlay-color":"","overlay-opacity":"","overlay-gradient":""},"tablet":{"background-color":"","background-image":"","background-repeat":"repeat","background-position":"center center","background-size":"auto","background-attachment":"scroll","background-type":"","background-media":"","overlay-type":"","overlay-color":"","overlay-opacity":"","overlay-gradient":""},"mobile":{"background-color":"","background-image":"","background-repeat":"repeat","background-position":"center center","background-size":"auto","background-attachment":"scroll","background-type":"","background-media":"","overlay-type":"","overlay-color":"","overlay-opacity":"","overlay-gradient":""}},"ast-content-background-meta":{"desktop":{"background-color":"var(--ast-global-color-5)","background-image":"","background-repeat":"repeat","background-position":"center center","background-size":"auto","background-attachment":"scroll","background-type":"","background-media":"","overlay-type":"","overlay-color":"","overlay-opacity":"","overlay-gradient":""},"tablet":{"background-color":"var(--ast-global-color-5)","background-image":"","background-repeat":"repeat","background-position":"center center","background-size":"auto","background-attachment":"scroll","background-type":"","background-media":"","overlay-type":"","overlay-color":"","overlay-opacity":"","overlay-gradient":""},"mobile":{"background-color":"var(--ast-global-color-5)","background-image":"","background-repeat":"repeat","background-position":"center center","background-size":"auto","background-attachment":"scroll","background-type":"","background-media":"","overlay-type":"","overlay-color":"","overlay-opacity":"","overlay-gradient":""}},"_price":"","_stock":"","_tribe_ticket_header":"","_tribe_default_ticket_provider":"","_tribe_ticket_capacity":"0","_ticket_start_date":"","_ticket_end_date":"","_tribe_ticket_show_description":"","_tribe_ticket_show_not_going":false,"_tribe_ticket_use_global_stock":"","_tribe_ticket_global_stock_level":"","_global_stock_mode":"","_global_stock_cap":"","_tribe_rsvp_for_event":"","_tribe_ticket_going_count":"","_tribe_ticket_not_going_count":"","_tribe_tickets_list":"[]","_tribe_ticket_has_attendee_info_fields":false,"footnotes":"","_tec_slr_enabled":"","_tec_slr_layout":""},"class_list":["post-2062","page","type-page","status-publish","hentry"],"uagb_featured_image_src":{"full":false,"thumbnail":false,"medium":false,"medium_large":false,"large":false,"1536x1536":false,"2048x2048":false,"trp-custom-language-flag":false},"uagb_author_info":{"display_name":"miguelbonal.com","author_link":"https:\/\/miguelbonal.com\/en\/author\/miguelbonal-com\/"},"uagb_comment_info":0,"uagb_excerpt":"Nacido en Zaragoza en 1999, Miguel inicia su formaci\u00f3n musical a los cuatro a\u00f1os gracias al impulso de sus padres, comenzando sus estudios de piano. Dos a\u00f1os m\u00e1s tarde descubre [&hellip;]","ticketed":false,"_links":{"self":[{"href":"https:\/\/miguelbonal.com\/en\/wp-json\/wp\/v2\/pages\/2062","targetHints":{"allow":["GET"]}}],"collection":[{"href":"https:\/\/miguelbonal.com\/en\/wp-json\/wp\/v2\/pages"}],"about":[{"href":"https:\/\/miguelbonal.com\/en\/wp-json\/wp\/v2\/types\/page"}],"author":[{"embeddable":true,"href":"https:\/\/miguelbonal.com\/en\/wp-json\/wp\/v2\/users\/1"}],"replies":[{"embeddable":true,"href":"https:\/\/miguelbonal.com\/en\/wp-json\/wp\/v2\/comments?post=2062"}],"version-history":[{"count":690,"href":"https:\/\/miguelbonal.com\/en\/wp-json\/wp\/v2\/pages\/2062\/revisions"}],"predecessor-version":[{"id":7696,"href":"https:\/\/miguelbonal.com\/en\/wp-json\/wp\/v2\/pages\/2062\/revisions\/7696"}],"wp:attachment":[{"href":"https:\/\/miguelbonal.com\/en\/wp-json\/wp\/v2\/media?parent=2062"}],"curies":[{"name":"wp","href":"https:\/\/api.w.org\/{rel}","templated":true}]}}