{"id":1971,"date":"2024-03-14T08:42:03","date_gmt":"2024-03-14T07:42:03","guid":{"rendered":"https:\/\/miguelbonal.com\/?page_id=1971"},"modified":"2026-02-25T15:28:38","modified_gmt":"2026-02-25T14:28:38","slug":"fotos-2","status":"publish","type":"page","link":"https:\/\/miguelbonal.com\/en\/fotos-2\/","title":{"rendered":"CONCERTS"},"content":{"rendered":"\t\t<div data-elementor-type=\"wp-page\" data-elementor-id=\"1971\" class=\"elementor elementor-1971\">\n\t\t\t\t<div class=\"elementor-element elementor-element-f4a58dd e-flex e-con-boxed e-con e-parent\" data-id=\"f4a58dd\" data-element_type=\"container\" data-e-type=\"container\" data-settings=\"{&quot;background_background&quot;:&quot;classic&quot;}\">\n\t\t\t\t\t<div class=\"e-con-inner\">\n\t\t<div class=\"elementor-element elementor-element-f3b4bf6 e-con-full e-flex e-con e-child\" data-id=\"f3b4bf6\" data-element_type=\"container\" data-e-type=\"container\">\n\t\t\t\t<div class=\"elementor-element elementor-element-fbbd129 elementor-invisible elementor-widget elementor-widget-heading\" data-id=\"fbbd129\" data-element_type=\"widget\" data-e-type=\"widget\" data-settings=\"{&quot;_animation&quot;:&quot;fadeInLeft&quot;}\" data-widget_type=\"heading.default\">\n\t\t\t\t<div class=\"elementor-widget-container\">\n\t\t\t\t\t<h2 class=\"elementor-heading-title elementor-size-default\">CONCIERTOS<\/h2>\t\t\t\t<\/div>\n\t\t\t\t<\/div>\n\t\t\t\t<div class=\"elementor-element elementor-element-5344d93 elementor-widget-divider--view-line elementor-invisible elementor-widget elementor-widget-divider\" data-id=\"5344d93\" data-element_type=\"widget\" data-e-type=\"widget\" data-settings=\"{&quot;_animation&quot;:&quot;fadeInLeft&quot;}\" data-widget_type=\"divider.default\">\n\t\t\t\t<div class=\"elementor-widget-container\">\n\t\t\t\t\t\t\t<div class=\"elementor-divider\">\n\t\t\t<span class=\"elementor-divider-separator\">\n\t\t\t\t\t\t<\/span>\n\t\t<\/div>\n\t\t\t\t\t\t<\/div>\n\t\t\t\t<\/div>\n\t\t\t\t<div class=\"elementor-element elementor-element-9b9bb9f elementor-widget__width-initial e-transform elementor-widget elementor-widget-the-events-calendar-addon\" data-id=\"9b9bb9f\" data-element_type=\"widget\" data-e-type=\"widget\" data-settings=\"{&quot;_transform_rotateZ_effect_hover&quot;:{&quot;unit&quot;:&quot;px&quot;,&quot;size&quot;:0,&quot;sizes&quot;:[]},&quot;_transform_rotateZ_effect_hover_tablet&quot;:{&quot;unit&quot;:&quot;deg&quot;,&quot;size&quot;:&quot;&quot;,&quot;sizes&quot;:[]},&quot;_transform_rotateZ_effect_hover_mobile&quot;:{&quot;unit&quot;:&quot;deg&quot;,&quot;size&quot;:&quot;&quot;,&quot;sizes&quot;:[]}}\" data-widget_type=\"the-events-calendar-addon.default\">\n\t\t\t\t<div class=\"elementor-widget-container\">\n\t\t\t\t\t<!=========Events list Template 1.7.3=========><script type=\"application\/ld+json\">\r\n[{\"@context\":\"http:\/\/schema.org\",\"@type\":\"Event\",\"name\":\"Tourn\\u00e9e de l\\u2019\\u00c9chapp\\u00e9e en Haute-Sa\\u00f4ne\",\"description\":\"\",\"url\":\"https:\/\/miguelbonal.com\/en\/event\/tournee-de-lechappee-en-haute-saone\/\",\"eventAttendanceMode\":\"https:\/\/schema.org\/OfflineEventAttendanceMode\",\"eventStatus\":\"https:\/\/schema.org\/EventScheduled\",\"startDate\":\"2026-04-20T00:00:00+02:00\",\"endDate\":\"2026-04-28T23:59:59+02:00\",\"performer\":\"Organization\"}]\r\n<\/script><div id=\"ectbe-wrapper-9b9bb9f\" class=\"ectbe-wrapper ectbe-list-wrapper style-1\"><div id=\"event-7753\" class=\"ectbe-inner-wrapper ectbe-simple-event\"><div class=\"ectbe-date-area\">\n\t\t\t\t\t\t   <span class=\"ectbe-ev-mo\">Apr<\/span>\n\t\t\t\t\t\t   <span class=\"ectbe-ev-day\">20<\/span>\n\t\t\t\t\t\t   <\/div><div class=\"ectbe-content-box\"><div class=\"ectbe-evt-title\"><a class=\"ectbe-evt-url\" href=\"https:\/\/miguelbonal.com\/en\/event\/tournee-de-lechappee-en-haute-saone\/\">Tourn\u00e9e de l\u2019\u00c9chapp\u00e9e en Haute-Sa\u00f4ne<\/a><\/div><div class=\"ectbe-evt-time\"><i class=\"ectbe-icon-clock\"><\/i>All day<\/div><\/div><div class=\"ectbe-evt-more-box\"><a class=\"ectbe-evt-read-more\" href=\"https:\/\/miguelbonal.com\/en\/event\/tournee-de-lechappee-en-haute-saone\/\">Find out more<\/a><\/div><\/div><\/div>\t\t\t\t<\/div>\n\t\t\t\t<\/div>\n\t\t\t\t<\/div>\n\t\t\t\t\t<\/div>\n\t\t\t\t<\/div>\n\t\t\t\t<\/div>\n\t\t","protected":false},"excerpt":{"rendered":"<p>CONCIERTOS Mar 14 Les Pleures &#8211; Festival de M\u00fasica Antigua de Sevilla12:00 &#8211; 13:00 Iglesia de San Luis de los Franceses, Sevilla, Spain Find out more Mar 22 Pygmalion, Ensemble [&hellip;]<\/p>\n","protected":false},"author":1,"featured_media":0,"parent":0,"menu_order":0,"comment_status":"closed","ping_status":"closed","template":"","meta":{"_uag_custom_page_level_css":"","_monsterinsights_skip_tracking":false,"_monsterinsights_sitenote_active":false,"_monsterinsights_sitenote_note":"","_monsterinsights_sitenote_category":0,"_uf_show_specific_survey":0,"_uf_disable_surveys":false,"site-sidebar-layout":"no-sidebar","site-content-layout":"page-builder","ast-site-content-layout":"full-width-container","site-content-style":"unboxed","site-sidebar-style":"unboxed","ast-global-header-display":"","ast-banner-title-visibility":"","ast-main-header-display":"","ast-hfb-above-header-display":"","ast-hfb-below-header-display":"","ast-hfb-mobile-header-display":"","site-post-title":"disabled","ast-breadcrumbs-content":"","ast-featured-img":"disabled","footer-sml-layout":"","ast-disable-related-posts":"","theme-transparent-header-meta":"","adv-header-id-meta":"","stick-header-meta":"","header-above-stick-meta":"","header-main-stick-meta":"","header-below-stick-meta":"","astra-migrate-meta-layouts":"set","ast-page-background-enabled":"default","ast-page-background-meta":{"desktop":{"background-color":"var(--ast-global-color-4)","background-image":"","background-repeat":"repeat","background-position":"center center","background-size":"auto","background-attachment":"scroll","background-type":"","background-media":"","overlay-type":"","overlay-color":"","overlay-opacity":"","overlay-gradient":""},"tablet":{"background-color":"","background-image":"","background-repeat":"repeat","background-position":"center center","background-size":"auto","background-attachment":"scroll","background-type":"","background-media":"","overlay-type":"","overlay-color":"","overlay-opacity":"","overlay-gradient":""},"mobile":{"background-color":"","background-image":"","background-repeat":"repeat","background-position":"center center","background-size":"auto","background-attachment":"scroll","background-type":"","background-media":"","overlay-type":"","overlay-color":"","overlay-opacity":"","overlay-gradient":""}},"ast-content-background-meta":{"desktop":{"background-color":"var(--ast-global-color-5)","background-image":"","background-repeat":"repeat","background-position":"center center","background-size":"auto","background-attachment":"scroll","background-type":"","background-media":"","overlay-type":"","overlay-color":"","overlay-opacity":"","overlay-gradient":""},"tablet":{"background-color":"var(--ast-global-color-5)","background-image":"","background-repeat":"repeat","background-position":"center center","background-size":"auto","background-attachment":"scroll","background-type":"","background-media":"","overlay-type":"","overlay-color":"","overlay-opacity":"","overlay-gradient":""},"mobile":{"background-color":"var(--ast-global-color-5)","background-image":"","background-repeat":"repeat","background-position":"center center","background-size":"auto","background-attachment":"scroll","background-type":"","background-media":"","overlay-type":"","overlay-color":"","overlay-opacity":"","overlay-gradient":""}},"_price":"","_stock":"","_tribe_ticket_header":"","_tribe_default_ticket_provider":"","_tribe_ticket_capacity":"0","_ticket_start_date":"","_ticket_end_date":"","_tribe_ticket_show_description":"","_tribe_ticket_show_not_going":false,"_tribe_ticket_use_global_stock":"","_tribe_ticket_global_stock_level":"","_global_stock_mode":"","_global_stock_cap":"","_tribe_rsvp_for_event":"","_tribe_ticket_going_count":"","_tribe_ticket_not_going_count":"","_tribe_tickets_list":"[]","_tribe_ticket_has_attendee_info_fields":false,"footnotes":"","_tec_slr_enabled":"","_tec_slr_layout":""},"class_list":["post-1971","page","type-page","status-publish","hentry"],"uagb_featured_image_src":{"full":false,"thumbnail":false,"medium":false,"medium_large":false,"large":false,"1536x1536":false,"2048x2048":false,"trp-custom-language-flag":false},"uagb_author_info":{"display_name":"miguelbonal.com","author_link":"https:\/\/miguelbonal.com\/en\/author\/miguelbonal-com\/"},"uagb_comment_info":0,"uagb_excerpt":"CONCIERTOS Mar 14 Les Pleures &#8211; Festival de M\u00fasica Antigua de Sevilla12:00 &#8211; 13:00 Iglesia de San Luis de los Franceses, Sevilla, Spain Find out more Mar 22 Pygmalion, Ensemble [&hellip;]","ticketed":false,"_links":{"self":[{"href":"https:\/\/miguelbonal.com\/en\/wp-json\/wp\/v2\/pages\/1971","targetHints":{"allow":["GET"]}}],"collection":[{"href":"https:\/\/miguelbonal.com\/en\/wp-json\/wp\/v2\/pages"}],"about":[{"href":"https:\/\/miguelbonal.com\/en\/wp-json\/wp\/v2\/types\/page"}],"author":[{"embeddable":true,"href":"https:\/\/miguelbonal.com\/en\/wp-json\/wp\/v2\/users\/1"}],"replies":[{"embeddable":true,"href":"https:\/\/miguelbonal.com\/en\/wp-json\/wp\/v2\/comments?post=1971"}],"version-history":[{"count":550,"href":"https:\/\/miguelbonal.com\/en\/wp-json\/wp\/v2\/pages\/1971\/revisions"}],"predecessor-version":[{"id":7705,"href":"https:\/\/miguelbonal.com\/en\/wp-json\/wp\/v2\/pages\/1971\/revisions\/7705"}],"wp:attachment":[{"href":"https:\/\/miguelbonal.com\/en\/wp-json\/wp\/v2\/media?parent=1971"}],"curies":[{"name":"wp","href":"https:\/\/api.w.org\/{rel}","templated":true}]}}